{"id":10,"date":"2023-03-15T08:14:42","date_gmt":"2023-03-15T08:14:42","guid":{"rendered":"https:\/\/franquicias.gimnasioeleuro.com\/?page_id=10"},"modified":"2023-03-16T17:28:26","modified_gmt":"2023-03-16T17:28:26","slug":"franquicias","status":"publish","type":"page","link":"https:\/\/franquicias.gimnasioeleuro.com\/","title":{"rendered":"Franquicias"},"content":{"rendered":"\n<div class=\"wp-block-cover alignfull\" id=\"sobre-nosotros\"><span aria-hidden=\"true\" class=\"wp-block-cover__background has-background-dim-100 has-background-dim\" style=\"background-color:#0c0c0c\"><\/span><div class=\"wp-block-cover__inner-container\">\n<h1 class=\"has-text-align-center\">Franquicias Gimnasio El Euro<\/h1>\n\n\n\n<div class=\"is-layout-flex wp-container-3 wp-block-columns\" style=\"padding-top:var(--wp--preset--spacing--30)\">\n<div class=\"is-layout-flow wp-block-column\">\n<figure class=\"wp-block-image aligncenter size-full\"><img decoding=\"async\" loading=\"lazy\" width=\"691\" height=\"361\" src=\"https:\/\/franquicias.gimnasioeleuro.com\/wp-content\/uploads\/2023\/03\/recorted_logo-removebg-preview.png\" alt=\"\" class=\"wp-image-53\" srcset=\"https:\/\/franquicias.gimnasioeleuro.com\/wp-content\/uploads\/2023\/03\/recorted_logo-removebg-preview.png 691w, https:\/\/franquicias.gimnasioeleuro.com\/wp-content\/uploads\/2023\/03\/recorted_logo-removebg-preview-300x157.png 300w\" sizes=\"(max-width: 691px) 100vw, 691px\" \/><\/figure>\n<\/div>\n\n\n\n<div class=\"is-layout-flow wp-block-column\">\n<p class=\"text-justify\">GIMNASIO EL EURO es la mejor alternativa de inversi\u00f3n para todo aqu\u00e9l emprendedor que quiera ser el director de su propio gimnasio.<br>No hablamos de un centro de entrenamiento personal o un local de fisioterapia, hablamos de un gimnasio.<br>Tras varios a\u00f1os desarrollando nuestro modelo y buscando y negociando condiciones con proveedores nacionales e internacionales, estamos en condiciones de acompa\u00f1arte en el desarrollo de tu propio centro de entrenamiento.<\/p>\n<\/div>\n<\/div>\n<\/div><\/div>\n\n\n\n<div class=\"wp-block-cover alignfull\" id=\"sector-fitness\"><span aria-hidden=\"true\" class=\"wp-block-cover__background has-background-dim-100 has-background-dim\" style=\"background-color:#0c0c0c\"><\/span><div class=\"wp-block-cover__inner-container\">\n<h2 class=\"has-text-align-center\">Nuestro M\u00e9todo<\/h2>\n\n\n\n<div class=\"is-layout-flex wp-container-6 wp-block-columns\" style=\"padding-top:var(--wp--preset--spacing--30)\">\n<div class=\"is-layout-flow wp-block-column\">\n<p class=\"text-justify\">Queremos acercar el entrenamiento a toda la poblaci\u00f3n, no s\u00f3lo a aquella que quiera o pueda pagar una cuota mensual para tener la opci\u00f3n de utilizar nuestras instalaciones.<br>Hemos desarrollado un tipo de centro que es rentable cobrando por uso, es decir, a Gimnasio El Euro se puede venir sin ser socio, se paga por el acceso.<br>La base de ingresos de los gimnasios tradicionales son las cuotas que abonan mensualmente los socios, nosotros cobramos por acceder al centro, as\u00ed conseguimos no generar un sentimiento de culpabilidad en aquellos socios que pagan y no vienen que, a la larga, terminan dej\u00e1ndolo y se pierde la cuota.<br>Nuestros clientes s\u00f3lo pagan cuando vienen y eso, adem\u00e1s de ser m\u00e1s justo, es m\u00e1s gratificante y liberaliza la forma de entrenar.<\/p>\n<\/div>\n\n\n\n<div class=\"is-layout-flow wp-block-column\">\n<figure class=\"wp-block-image aligncenter size-large\"><img decoding=\"async\" loading=\"lazy\" width=\"1024\" height=\"576\" src=\"https:\/\/franquicias.gimnasioeleuro.com\/wp-content\/uploads\/2023\/03\/IMG_1152-1024x576.jpeg\" alt=\"\" class=\"wp-image-43\" srcset=\"https:\/\/franquicias.gimnasioeleuro.com\/wp-content\/uploads\/2023\/03\/IMG_1152-1024x576.jpeg 1024w, https:\/\/franquicias.gimnasioeleuro.com\/wp-content\/uploads\/2023\/03\/IMG_1152-300x169.jpeg 300w, https:\/\/franquicias.gimnasioeleuro.com\/wp-content\/uploads\/2023\/03\/IMG_1152-768x432.jpeg 768w, https:\/\/franquicias.gimnasioeleuro.com\/wp-content\/uploads\/2023\/03\/IMG_1152-1536x864.jpeg 1536w, https:\/\/franquicias.gimnasioeleuro.com\/wp-content\/uploads\/2023\/03\/IMG_1152-2048x1153.jpeg 2048w\" sizes=\"(max-width: 1024px) 100vw, 1024px\" \/><\/figure>\n<\/div>\n<\/div>\n<\/div><\/div>\n\n\n\n<div class=\"wp-block-cover alignfull\" id=\"que-aportamos\"><span aria-hidden=\"true\" class=\"wp-block-cover__background has-background-dim-100 has-background-dim\" style=\"background-color:#0c0c0c\"><\/span><div class=\"wp-block-cover__inner-container\">\n<h2 class=\"has-text-align-center\">Que aportamos<br><\/h2>\n\n\n\n<p class=\"has-text-align-center text-justify\">Somos conscientes de la importancia de conocer el estado de tu centro en todo momento, por eso hemos dise\u00f1ado una App propia que te mantiene informado en todo momento de la situaci\u00f3n real del centro.<\/p>\n\n\n\n<div class=\"is-layout-flex wp-container-10 wp-block-columns\" style=\"padding-top:var(--wp--preset--spacing--30)\">\n<div class=\"is-layout-flow wp-block-column\">\n<figure class=\"wp-block-image aligncenter size-full\"><img decoding=\"async\" loading=\"lazy\" width=\"741\" height=\"483\" src=\"https:\/\/franquicias.gimnasioeleuro.com\/wp-content\/uploads\/2023\/03\/Imagen1.jpg\" alt=\"\" class=\"wp-image-55\" srcset=\"https:\/\/franquicias.gimnasioeleuro.com\/wp-content\/uploads\/2023\/03\/Imagen1.jpg 741w, https:\/\/franquicias.gimnasioeleuro.com\/wp-content\/uploads\/2023\/03\/Imagen1-300x196.jpg 300w\" sizes=\"(max-width: 741px) 100vw, 741px\" \/><\/figure>\n<\/div>\n\n\n\n<div class=\"is-layout-flow wp-block-column\">\n<div class=\"is-layout-flex wp-container-8 wp-block-buttons button-servicios\">\n<div class=\"wp-block-button is-style-outline\"><a class=\"wp-block-button__link wp-element-button\">App Propia<\/a><\/div>\n\n\n\n<div class=\"wp-block-button is-style-outline\"><a class=\"wp-block-button__link wp-element-button\">Acuerdo con Proveedores<\/a><\/div>\n\n\n\n<div class=\"wp-block-button is-style-outline\"><a class=\"wp-block-button__link wp-element-button\">Baja Carga Laboral<\/a><\/div>\n\n\n\n<div class=\"wp-block-button is-style-outline\"><a class=\"wp-block-button__link wp-element-button\">Gesti\u00f3n Central<\/a><\/div>\n\n\n\n<div class=\"wp-block-button is-style-outline\"><a class=\"wp-block-button__link wp-element-button\">Departamento de Marketing<\/a><\/div>\n\n\n\n<div class=\"wp-block-button is-style-outline\"><a class=\"wp-block-button__link wp-element-button\">Formaci\u00f3n 360\u00ba<\/a><\/div>\n<\/div>\n<\/div>\n<\/div>\n<\/div><\/div>\n\n\n\n<div class=\"wp-block-cover alignfull\"><span aria-hidden=\"true\" class=\"wp-block-cover__background has-background-dim-100 has-background-dim\" style=\"background-color:#0c0c0c\"><\/span><div class=\"wp-block-cover__inner-container\">\n<h2 class=\"has-text-align-center\">Nuestro Gimnasio<\/h2>\n\n\n<div id=\"metaslider-id-37\" style=\"width: 100%;\" class=\"ml-slider-3-109-0 metaslider metaslider-flex metaslider-37 ml-slider has-dots-nav ms-theme-default\" role=\"region\" aria-label=\"Principal\" data-height=\"300\" data-width=\"700\">\n    <div id=\"metaslider_container_37\">\n        <div id=\"metaslider_37\">\n            <ul class='slides'>\n                <li style=\"display: block; width: 100%;\" class=\"slide-39 ms-image \" aria-roledescription=\"slide\" data-date=\"2023-03-15 10:05:04\" data-filename=\"IMG_1157-scaled-700x300.jpeg\" data-slide-type=\"image\"><img src=\"https:\/\/franquicias.gimnasioeleuro.com\/wp-content\/uploads\/2023\/03\/IMG_1157-scaled-700x300.jpeg\" height=\"300\" width=\"700\" alt=\"\" class=\"slider-37 slide-39 msDefaultImage\" title=\"IMG_1157\" \/><\/li>\n                <li style=\"display: none; width: 100%;\" class=\"slide-45 ms-image \" aria-roledescription=\"slide\" data-date=\"2023-03-15 10:09:31\" data-filename=\"IMG_1169-scaled-700x300.jpeg\" data-slide-type=\"image\"><img src=\"https:\/\/franquicias.gimnasioeleuro.com\/wp-content\/uploads\/2023\/03\/IMG_1169-scaled-700x300.jpeg\" height=\"300\" width=\"700\" alt=\"\" class=\"slider-37 slide-45 msDefaultImage\" title=\"IMG_1169\" \/><\/li>\n                <li style=\"display: none; width: 100%;\" class=\"slide-46 ms-image \" aria-roledescription=\"slide\" data-date=\"2023-03-15 10:09:31\" data-filename=\"IMG_1141-scaled-700x300.jpeg\" data-slide-type=\"image\"><img src=\"https:\/\/franquicias.gimnasioeleuro.com\/wp-content\/uploads\/2023\/03\/IMG_1141-scaled-700x300.jpeg\" height=\"300\" width=\"700\" alt=\"\" class=\"slider-37 slide-46 msDefaultImage\" title=\"IMG_1141\" \/><\/li>\n                <li style=\"display: none; width: 100%;\" class=\"slide-47 ms-image \" aria-roledescription=\"slide\" data-date=\"2023-03-15 10:09:31\" data-filename=\"IMG_1145-scaled-700x300.jpeg\" data-slide-type=\"image\"><img src=\"https:\/\/franquicias.gimnasioeleuro.com\/wp-content\/uploads\/2023\/03\/IMG_1145-scaled-700x300.jpeg\" height=\"300\" width=\"700\" alt=\"\" class=\"slider-37 slide-47 msDefaultImage\" title=\"IMG_1145\" \/><\/li>\n                <li style=\"display: none; width: 100%;\" class=\"slide-48 ms-image \" aria-roledescription=\"slide\" data-date=\"2023-03-15 10:09:31\" data-filename=\"IMG_1152-scaled-700x300.jpeg\" data-slide-type=\"image\"><img src=\"https:\/\/franquicias.gimnasioeleuro.com\/wp-content\/uploads\/2023\/03\/IMG_1152-scaled-700x300.jpeg\" height=\"300\" width=\"700\" alt=\"\" class=\"slider-37 slide-48 msDefaultImage\" title=\"IMG_1152\" \/><\/li>\n                <li style=\"display: none; width: 100%;\" class=\"slide-49 ms-image \" aria-roledescription=\"slide\" data-date=\"2023-03-15 10:09:31\" data-filename=\"IMG_1153-scaled-700x300.jpeg\" data-slide-type=\"image\"><img src=\"https:\/\/franquicias.gimnasioeleuro.com\/wp-content\/uploads\/2023\/03\/IMG_1153-scaled-700x300.jpeg\" height=\"300\" width=\"700\" alt=\"\" class=\"slider-37 slide-49 msDefaultImage\" title=\"IMG_1153\" \/><\/li>\n            <\/ul>\n        <\/div>\n        \n    <\/div>\n<\/div>\n<\/div><\/div>\n\n\n\n<div class=\"wp-block-cover alignfull\" id=\"app\"><span aria-hidden=\"true\" class=\"wp-block-cover__background has-background-dim-100 has-background-dim\" style=\"background-color:#0c0c0c\"><\/span><div class=\"wp-block-cover__inner-container\">\n<h2 class=\"has-text-align-center\">Nuestra App<\/h2>\n\n\n\n<p class=\"has-text-align-center text-justify\">Gimnasio El Euro cuenta con Amplias Instalaciones. \u00a1Entrena con los mejores equipos! Ven al gimnasio m\u00e1s grande de la ciudad para desarrollar tus m\u00fasculos. Nuestras amplias instalaciones contienen los mejores equipos para un entrenamiento completo. Contamos con m\u00e1quinas de todos los grupos musculares, lo que significa que puedes trabajar todos los m\u00fasculos y mantenerte en forma. Nuestro gimnasio sigue creciendo, por lo que siempre hay nuevos equipos para probar. \u00a1Ven a nuestro gimnasio para un entrenamiento de alto rendimiento!<\/p>\n\n\n\n<div class=\"is-layout-flex wp-container-14 wp-block-columns\" style=\"padding-top:var(--wp--preset--spacing--30)\">\n<div class=\"is-layout-flow wp-block-column\">\n<figure class=\"wp-block-image aligncenter size-full is-resized\"><img decoding=\"async\" loading=\"lazy\" src=\"http:\/\/gimnasioeleuro.com\/wp-content\/uploads\/2023\/02\/hombre-fuerte.svg\" alt=\"Hombre Fuerte\n\" class=\"wp-image-64\" width=\"222\" height=\"229\"\/><\/figure>\n<\/div>\n\n\n\n<div class=\"is-layout-flow wp-block-column\">\n<div class=\"is-layout-flex wp-container-12 wp-block-buttons button-servicios\">\n<div class=\"wp-block-button is-style-outline\"><a class=\"wp-block-button__link wp-element-button\">Clientes<\/a><\/div>\n\n\n\n<div class=\"wp-block-button is-style-outline\"><a class=\"wp-block-button__link wp-element-button\">Alumnos por clase<\/a><\/div>\n\n\n\n<div class=\"wp-block-button is-style-outline\"><a class=\"wp-block-button__link wp-element-button\">Rentabilidad por horas<\/a><\/div>\n\n\n\n<div class=\"wp-block-button is-style-outline\"><a class=\"wp-block-button__link wp-element-button\">Porcentaje de ocupaci\u00f3n<\/a><\/div>\n\n\n\n<div class=\"wp-block-button is-style-outline\"><a class=\"wp-block-button__link wp-element-button\">Sexo y edad de alumnos<\/a><\/div>\n\n\n\n<div class=\"wp-block-button is-style-outline\"><a class=\"wp-block-button__link wp-element-button\">Facturaci\u00f3n<\/a><\/div>\n\n\n\n<div class=\"wp-block-button is-style-outline\"><a class=\"wp-block-button__link wp-element-button\">Antig\u00fcedad de Socios<\/a><\/div>\n\n\n\n<div class=\"wp-block-button is-style-outline\"><a class=\"wp-block-button__link wp-element-button\">Etc<\/a><\/div>\n<\/div>\n<\/div>\n<\/div>\n<\/div><\/div>\n\n\n\n<div class=\"wp-block-cover alignfull contact-cover\" id=\"contacto\"><span aria-hidden=\"true\" class=\"wp-block-cover__background has-background-dim-70 has-background-dim\" style=\"background-color:#0c0c0c\"><\/span><img decoding=\"async\" loading=\"lazy\" width=\"2560\" height=\"1441\" class=\"wp-block-cover__image-background wp-image-40\" alt=\"\" src=\"https:\/\/franquicias.gimnasioeleuro.com\/wp-content\/uploads\/2023\/03\/IMG_1169-scaled.jpeg\" data-object-fit=\"cover\" srcset=\"https:\/\/franquicias.gimnasioeleuro.com\/wp-content\/uploads\/2023\/03\/IMG_1169-scaled.jpeg 2560w, https:\/\/franquicias.gimnasioeleuro.com\/wp-content\/uploads\/2023\/03\/IMG_1169-300x169.jpeg 300w, https:\/\/franquicias.gimnasioeleuro.com\/wp-content\/uploads\/2023\/03\/IMG_1169-1024x576.jpeg 1024w, https:\/\/franquicias.gimnasioeleuro.com\/wp-content\/uploads\/2023\/03\/IMG_1169-768x432.jpeg 768w, https:\/\/franquicias.gimnasioeleuro.com\/wp-content\/uploads\/2023\/03\/IMG_1169-1536x864.jpeg 1536w, https:\/\/franquicias.gimnasioeleuro.com\/wp-content\/uploads\/2023\/03\/IMG_1169-2048x1152.jpeg 2048w\" sizes=\"(max-width: 2560px) 100vw, 2560px\" \/><div class=\"wp-block-cover__inner-container\">\n<div class=\"is-layout-flex wp-container-17 wp-block-columns contact-columns\">\n<div class=\"is-layout-flow wp-block-column is-vertically-aligned-center\" style=\"padding-top:var(--wp--preset--spacing--30);padding-right:var(--wp--preset--spacing--30);padding-bottom:var(--wp--preset--spacing--30);padding-left:var(--wp--preset--spacing--30)\">\n<h2 class=\"has-text-align-center contact-title has-x-large-font-size\">CONTACTA CON NOSOTROS<\/h2>\n<\/div>\n\n\n\n<div class=\"is-layout-flow wp-block-column\" style=\"padding-top:0;padding-right:0;padding-bottom:0;padding-left:0\">\n<div class=\"wp-block-cover\" style=\"padding-top:var(--wp--preset--spacing--30);padding-right:var(--wp--preset--spacing--30);padding-bottom:var(--wp--preset--spacing--30);padding-left:var(--wp--preset--spacing--30)\"><span aria-hidden=\"true\" class=\"wp-block-cover__background has-background-dim-100 has-background-dim\" style=\"background-color:#0c0c0c\"><\/span><div class=\"wp-block-cover__inner-container\"><div class=\"wpforms-container wpforms-container-full wpforms-block\" id=\"wpforms-28\"><form id=\"wpforms-form-28\" class=\"wpforms-validate wpforms-form wpforms-ajax-form\" data-formid=\"28\" method=\"post\" enctype=\"multipart\/form-data\" action=\"\/index.php\/wp-json\/wp\/v2\/pages\/10\" data-token=\"3fa43475ed109ff76d09807a238cffdd\" data-token-time=\"1778066848\"><noscript class=\"wpforms-error-noscript\">Por favor, activa JavaScript en tu navegador para completar este formulario.<\/noscript><div class=\"wpforms-field-container\"><div id=\"wpforms-28-field_0-container\" class=\"wpforms-field wpforms-field-name\" data-field-id=\"0\"><label class=\"wpforms-field-label\">Nombre <span class=\"wpforms-required-label\">*<\/span><\/label><div class=\"wpforms-field-row wpforms-field-medium\"><div class=\"wpforms-field-row-block wpforms-first wpforms-one-half\"><input type=\"text\" id=\"wpforms-28-field_0\" class=\"wpforms-field-name-first wpforms-field-required\" name=\"wpforms[fields][0][first]\" required><label for=\"wpforms-28-field_0\" class=\"wpforms-field-sublabel after\">Nombre<\/label><\/div><div class=\"wpforms-field-row-block wpforms-one-half\"><input type=\"text\" id=\"wpforms-28-field_0-last\" class=\"wpforms-field-name-last wpforms-field-required\" name=\"wpforms[fields][0][last]\" required><label for=\"wpforms-28-field_0-last\" class=\"wpforms-field-sublabel after\">Apellidos<\/label><\/div><\/div><\/div><div id=\"wpforms-28-field_1-container\" class=\"wpforms-field wpforms-field-email\" data-field-id=\"1\"><label class=\"wpforms-field-label\" for=\"wpforms-28-field_1\">Correo electr\u00f3nico <span class=\"wpforms-required-label\">*<\/span><\/label><input type=\"email\" id=\"wpforms-28-field_1\" class=\"wpforms-field-medium wpforms-field-required\" name=\"wpforms[fields][1]\" spellcheck=\"false\" required><\/div><div id=\"wpforms-28-field_5-container\" class=\"wpforms-field wpforms-field-text\" data-field-id=\"5\"><label class=\"wpforms-field-label\" for=\"wpforms-28-field_5\">Tel\u00e9fono de Contacto<\/label><input type=\"text\" id=\"wpforms-28-field_5\" class=\"wpforms-field-medium\" name=\"wpforms[fields][5]\" ><\/div><\/div><!-- .wpforms-field-container --><div class=\"wpforms-submit-container\" ><input type=\"hidden\" name=\"wpforms[id]\" value=\"28\"><input type=\"hidden\" name=\"page_title\" value=\"\"><input type=\"hidden\" name=\"page_url\" value=\"https:\/\/franquicias.gimnasioeleuro.com\/index.php\/wp-json\/wp\/v2\/pages\/10\"><input type=\"hidden\" name=\"url_referer\" value=\"\"><button type=\"submit\" name=\"wpforms[submit]\" id=\"wpforms-submit-28\" class=\"wpforms-submit\" data-alt-text=\"Enviando...\" data-submit-text=\"Enviar\" aria-live=\"assertive\" value=\"wpforms-submit\">Enviar<\/button><img decoding=\"async\" loading=\"lazy\" src=\"https:\/\/franquicias.gimnasioeleuro.com\/wp-content\/plugins\/wpforms-lite\/assets\/images\/submit-spin.svg\" class=\"wpforms-submit-spinner\" style=\"display: none;\" width=\"26\" height=\"26\" alt=\"Cargando\"><\/div><\/form><\/div>  <!-- .wpforms-container --><\/div><\/div>\n<\/div>\n<\/div>\n<\/div><\/div>\n","protected":false},"excerpt":{"rendered":"","protected":false},"author":1,"featured_media":0,"parent":0,"menu_order":0,"comment_status":"closed","ping_status":"closed","template":"","meta":[],"_links":{"self":[{"href":"https:\/\/franquicias.gimnasioeleuro.com\/index.php\/wp-json\/wp\/v2\/pages\/10"}],"collection":[{"href":"https:\/\/franquicias.gimnasioeleuro.com\/index.php\/wp-json\/wp\/v2\/pages"}],"about":[{"href":"https:\/\/franquicias.gimnasioeleuro.com\/index.php\/wp-json\/wp\/v2\/types\/page"}],"author":[{"embeddable":true,"href":"https:\/\/franquicias.gimnasioeleuro.com\/index.php\/wp-json\/wp\/v2\/users\/1"}],"replies":[{"embeddable":true,"href":"https:\/\/franquicias.gimnasioeleuro.com\/index.php\/wp-json\/wp\/v2\/comments?post=10"}],"version-history":[{"count":28,"href":"https:\/\/franquicias.gimnasioeleuro.com\/index.php\/wp-json\/wp\/v2\/pages\/10\/revisions"}],"predecessor-version":[{"id":118,"href":"https:\/\/franquicias.gimnasioeleuro.com\/index.php\/wp-json\/wp\/v2\/pages\/10\/revisions\/118"}],"wp:attachment":[{"href":"https:\/\/franquicias.gimnasioeleuro.com\/index.php\/wp-json\/wp\/v2\/media?parent=10"}],"curies":[{"name":"wp","href":"https:\/\/api.w.org\/{rel}","templated":true}]}}